{"id":722,"date":"2024-03-15T07:17:06","date_gmt":"2024-03-15T06:17:06","guid":{"rendered":"https:\/\/cctechnologie.fr\/?page_id=722"},"modified":"2024-03-16T17:05:49","modified_gmt":"2024-03-16T16:05:49","slug":"installation-de-bornes-de-recharge-pour-vehicules-electriques","status":"publish","type":"page","link":"https:\/\/cctechnologie.fr\/?page_id=722","title":{"rendered":"Installation de bornes de recharge pour v\u00e9hicules \u00e9lectriques"},"content":{"rendered":"\n<p>Les bornes de recharge pour voitures \u00e9lectriques sont un \u00e9l\u00e9ment cl\u00e9 de l&rsquo;infrastructure n\u00e9cessaire \u00e0 la transition \u00e9nerg\u00e9tique vers une mobilit\u00e9 plus durable. Elles se classent en plusieurs cat\u00e9gories, en fonction de leur vitesse de recharge : les bornes lentes, id\u00e9ales pour les recharges nocturnes \u00e0 domicile ou pendant le travail ; les bornes acc\u00e9l\u00e9r\u00e9es, adapt\u00e9es aux parkings de supermarch\u00e9s ou de bureaux pour une recharge en quelques heures ; et les bornes rapides ou ultra-rapides, situ\u00e9es sur les axes routiers majeurs pour permettre de longs trajets en r\u00e9duisant le temps de recharge. Chacune r\u00e9pond \u00e0 diff\u00e9rents besoins et modes de vie, facilitant l&rsquo;int\u00e9gration des v\u00e9hicules \u00e9lectriques dans le quotidien des utilisateurs.<\/p>\n\n\n\n<p>Il est aussi possible d&rsquo;opter pour l&rsquo;installation d&rsquo;une borne de recharge \u00e0 domicile. Cela peut modifier la mani\u00e8re dont vous utilisez votre v\u00e9hicule \u00e9lectrique, offrant la commodit\u00e9 de recharger votre voiture pendant la nuit ou \u00e0 tout moment depuis votre domicile. Cela implique g\u00e9n\u00e9ralement l&rsquo;\u00e9valuation de vos besoins \u00e9nerg\u00e9tiques, le choix entre diff\u00e9rents niveaux de puissance de recharge, et la mise en place par un professionnel certifi\u00e9 pour garantir la s\u00e9curit\u00e9 et la conformit\u00e9 avec les normes locales. C&rsquo;est un investissement initial qui peut significativement r\u00e9duire votre d\u00e9pendance aux stations de recharge publiques et optimiser votre exp\u00e9rience de conduite \u00e9lectrique.<\/p>\n\n\n\n<p>Au c\u0153ur de l&rsquo;\u00e9cosyst\u00e8me de la mobilit\u00e9 \u00e9lectrique, elles ont un r\u00f4le central dans l&rsquo;adoption des v\u00e9hicules \u00e9lectriques. Leur d\u00e9veloppement continu, soutenu par des avanc\u00e9es technologiques promet de faciliter encore davantage la transition vers une mobilit\u00e9 propre et durable.<\/p>\n\n\n\n<div class=\"wp-block-group alignfull\" style=\"margin-top:0px;margin-bottom:0px;padding-top:7vw;padding-right:var(--wp--preset--spacing--50);padding-bottom:7vw;padding-left:var(--wp--preset--spacing--50)\"><div class=\"wp-block-group__inner-container is-layout-constrained wp-container-core-group-is-layout-07b8a8fa wp-block-group-is-layout-constrained\">\n<div class=\"wp-block-columns alignwide is-layout-flex wp-container-core-columns-is-layout-9d6595d7 wp-block-columns-is-layout-flex\">\n<div class=\"wp-block-column is-layout-flow wp-block-column-is-layout-flow\" style=\"flex-basis:20%\">\n<figure class=\"wp-block-image size-large\"><img loading=\"lazy\" decoding=\"async\" width=\"731\" height=\"1024\" src=\"https:\/\/cctechnologie.fr\/wp-content\/uploads\/2024\/03\/img_5404-2-1-731x1024.jpg\" alt=\"\" class=\"wp-image-719\" srcset=\"https:\/\/cctechnologie.fr\/wp-content\/uploads\/2024\/03\/img_5404-2-1-731x1024.jpg 731w, https:\/\/cctechnologie.fr\/wp-content\/uploads\/2024\/03\/img_5404-2-1-214x300.jpg 214w, https:\/\/cctechnologie.fr\/wp-content\/uploads\/2024\/03\/img_5404-2-1-768x1075.jpg 768w, https:\/\/cctechnologie.fr\/wp-content\/uploads\/2024\/03\/img_5404-2-1-1097x1536.jpg 1097w, https:\/\/cctechnologie.fr\/wp-content\/uploads\/2024\/03\/img_5404-2-1.jpg 1290w\" sizes=\"auto, (max-width: 731px) 100vw, 731px\" \/><\/figure>\n<\/div>\n\n\n\n<div class=\"wp-block-column is-layout-flow wp-block-column-is-layout-flow\" style=\"flex-basis:80%\">\n<h1 class=\"wp-block-heading has-x-large-font-size\">Infrastructures de Recharge pour V\u00e9hicules \u00c9lectriques (IRVE)<\/h1>\n<\/div>\n<\/div>\n<\/div><\/div>\n\n\n\n<div class=\"wp-block-group alignfull\" style=\"margin-top:0px;margin-bottom:0px;padding-top:7vw;padding-right:var(--wp--preset--spacing--50);padding-bottom:7vw;padding-left:var(--wp--preset--spacing--50)\"><div class=\"wp-block-group__inner-container is-layout-constrained wp-container-core-group-is-layout-07b8a8fa wp-block-group-is-layout-constrained\">\n<div class=\"wp-block-columns alignwide is-layout-flex wp-container-core-columns-is-layout-9d6595d7 wp-block-columns-is-layout-flex\">\n<div class=\"wp-block-column is-layout-flow wp-block-column-is-layout-flow\" style=\"flex-basis:20%\">\n<h2 class=\"wp-block-heading has-medium-font-size\">Ce qu\u2019il faut savoir <\/h2>\n\n\n\n<ul class=\"wp-block-list\">\n<li>L\u2019\u00e9lectricien qualifi\u00e9 est le seul professionnel \u00e0 \u00eatre habilit\u00e9 pour l\u2019installation d\u2019une borne de recharge pour voiture \u00e9lectrique.<\/li>\n\n\n\n<li>La qualification demande une formation sp\u00e9cifique.<\/li>\n\n\n\n<li>Le professionnel est en mesure d\u2019attester qu\u2019il est titulaire d\u2019une mention IRVE Qualifelec ou AFNOR.<\/li>\n<\/ul>\n<\/div>\n\n\n\n<div class=\"wp-block-column is-layout-flow wp-block-column-is-layout-flow\" style=\"flex-basis:80%\">\n<div class=\"wp-block-columns is-layout-flex wp-container-core-columns-is-layout-9d6595d7 wp-block-columns-is-layout-flex\">\n<div class=\"wp-block-column is-layout-flow wp-block-column-is-layout-flow\">\n<h3 class=\"wp-block-heading has-medium-font-size\">Qui peut installer &#8211; Formation<\/h3>\n\n\n\n<p><\/p>\n\n\n\n<p>Obligations r\u00e9glementaires<\/p>\n\n\n\n<p>Suite au d\u00e9cret du 12 janvier 2017, N\u00b0 2017\u201326 les IRVE (Infrastructures de Recharge pour V\u00e9hicules \u00c9lectriques) sont install\u00e9es par des professionnels habilit\u00e9s conform\u00e9ment \u00e0 l\u2019article R4544-9 du code du travail, et doivent \u00eatre titulaires d\u2019une qualification IRVE.<\/p>\n\n\n\n<p>Le d\u00e9cret 2021-546 du 4 mai 2021 diff\u00e9rencie les qualifications des installateurs, la maintenance ainsi que les \u00e9tudes de conception.<\/p>\n\n\n\n<p>L\u2019arr\u00eat\u00e9 du 27 octobre 2021 pr\u00e9cise quant \u00e0 lui les crit\u00e8res de formation pour l\u2019installation, la maintenance et les \u00e9tudes de conception avec une application au 1 er juillet 2022.<\/p>\n\n\n\n<h3 class=\"wp-block-heading has-medium-font-size\">IRVE1<\/h3>\n\n\n\n<p class=\"has-small-font-size\">Installation de bornes de recharge jusqu\u2019\u00e0 22&nbsp;kW, sans configuration sp\u00e9cifique pour la communication et la supervision.<\/p>\n<\/div>\n\n\n\n<div class=\"wp-block-column is-layout-flow wp-block-column-is-layout-flow\">\n<h3 class=\"wp-block-heading has-medium-font-size\">IRVE2<\/h3>\n\n\n\n<p class=\"has-small-font-size\">Installation de bornes de recharge jusqu\u2019\u00e0 22&nbsp;kW, avec configuration pour bornes communicantes et supervision de station.<\/p>\n<\/div>\n<\/div>\n<\/div>\n<\/div>\n<\/div><\/div>\n\n\n\n<div class=\"wp-block-group alignfull has-white-color has-black-background-color has-text-color has-background has-link-color wp-elements-717d18d1720a2daee35c49eaf6f1380e\" style=\"margin-top:0px;margin-bottom:0px;padding-top:7vw;padding-right:var(--wp--preset--spacing--50);padding-bottom:7vw;padding-left:var(--wp--preset--spacing--50)\"><div class=\"wp-block-group__inner-container is-layout-constrained wp-container-core-group-is-layout-07b8a8fa wp-block-group-is-layout-constrained\">\n<div class=\"wp-block-columns alignwide is-layout-flex wp-container-core-columns-is-layout-9d6595d7 wp-block-columns-is-layout-flex\">\n<div class=\"wp-block-column is-layout-flow wp-block-column-is-layout-flow\" style=\"flex-basis:20%\">\n<h3 class=\"wp-block-heading has-background-color has-text-color has-link-color has-medium-font-size wp-elements-f30645cfcd08526ea27bd4a38f476e48\">\u00c9tudes de cas<\/h3>\n<\/div>\n\n\n\n<div class=\"wp-block-column is-layout-flow wp-block-column-is-layout-flow\" style=\"flex-basis:80%\">\n<div class=\"wp-block-columns is-layout-flex wp-container-core-columns-is-layout-9d6595d7 wp-block-columns-is-layout-flex\">\n<div class=\"wp-block-column is-layout-flow wp-block-column-is-layout-flow\">\n<figure class=\"wp-block-image size-large\"><img loading=\"lazy\" decoding=\"async\" width=\"576\" height=\"1024\" src=\"https:\/\/cctechnologie.fr\/wp-content\/uploads\/2024\/03\/72a3a706-b157-4984-8284-ffad78e8949b-1-576x1024.jpg\" alt=\"\" class=\"wp-image-720\" srcset=\"https:\/\/cctechnologie.fr\/wp-content\/uploads\/2024\/03\/72a3a706-b157-4984-8284-ffad78e8949b-1-576x1024.jpg 576w, https:\/\/cctechnologie.fr\/wp-content\/uploads\/2024\/03\/72a3a706-b157-4984-8284-ffad78e8949b-1-169x300.jpg 169w, https:\/\/cctechnologie.fr\/wp-content\/uploads\/2024\/03\/72a3a706-b157-4984-8284-ffad78e8949b-1-768x1365.jpg 768w, https:\/\/cctechnologie.fr\/wp-content\/uploads\/2024\/03\/72a3a706-b157-4984-8284-ffad78e8949b-1.jpg 780w\" sizes=\"auto, (max-width: 576px) 100vw, 576px\" \/><\/figure>\n\n\n\n<h4 class=\"wp-block-heading has-background-color has-text-color has-link-color has-medium-font-size wp-elements-b9bdb97cc8f08286870e07b218bc25c9\">\u00c9tude de cas&nbsp;A<\/h4>\n\n\n\n<p class=\"has-small-font-size\">Exemple d\u2019une installation domestique pour deux v\u00e9hicules. Un \u00e9lectrique et hybride. <\/p>\n\n\n\n<p><\/p>\n<\/div>\n\n\n\n<div class=\"wp-block-column is-layout-flow wp-block-column-is-layout-flow\">\n<figure class=\"wp-block-image size-large\"><img loading=\"lazy\" decoding=\"async\" width=\"936\" height=\"1024\" src=\"https:\/\/cctechnologie.fr\/wp-content\/uploads\/2024\/03\/projet-facade-enseigne-cct-2024-1-936x1024.png\" alt=\"\" class=\"wp-image-721\" srcset=\"https:\/\/cctechnologie.fr\/wp-content\/uploads\/2024\/03\/projet-facade-enseigne-cct-2024-1-936x1024.png 936w, https:\/\/cctechnologie.fr\/wp-content\/uploads\/2024\/03\/projet-facade-enseigne-cct-2024-1-274x300.png 274w, https:\/\/cctechnologie.fr\/wp-content\/uploads\/2024\/03\/projet-facade-enseigne-cct-2024-1-768x840.png 768w, https:\/\/cctechnologie.fr\/wp-content\/uploads\/2024\/03\/projet-facade-enseigne-cct-2024-1-1404x1536.png 1404w, https:\/\/cctechnologie.fr\/wp-content\/uploads\/2024\/03\/projet-facade-enseigne-cct-2024-1.png 1828w\" sizes=\"auto, (max-width: 767px) 89vw, (max-width: 1000px) 54vw, (max-width: 1071px) 543px, 580px\" \/><\/figure>\n\n\n\n<h4 class=\"wp-block-heading has-background-color has-text-color has-link-color has-medium-font-size wp-elements-daaf61ee93a4561ac2d50049762ffab5\">\u00c9tud de cas&nbsp;CCT <\/h4>\n<\/div>\n<\/div>\n<\/div>\n<\/div>\n<\/div><\/div>\n\n\n\n<div class=\"wp-block-group alignfull\" style=\"margin-top:0px;margin-bottom:0px;padding-top:7vw;padding-right:var(--wp--preset--spacing--50);padding-bottom:7vw;padding-left:var(--wp--preset--spacing--50)\"><div class=\"wp-block-group__inner-container is-layout-constrained wp-container-core-group-is-layout-07b8a8fa wp-block-group-is-layout-constrained\">\n<div class=\"wp-block-columns alignwide is-layout-flex wp-container-core-columns-is-layout-9d6595d7 wp-block-columns-is-layout-flex\">\n<div class=\"wp-block-column is-layout-flow wp-block-column-is-layout-flow\" style=\"flex-basis:20%\"><\/div>\n\n\n\n<div class=\"wp-block-column is-layout-flow wp-block-column-is-layout-flow\" style=\"flex-basis:80%\">\n<div class=\"wp-block-columns is-layout-flex wp-container-core-columns-is-layout-9d6595d7 wp-block-columns-is-layout-flex\">\n<div class=\"wp-block-column is-layout-flow wp-block-column-is-layout-flow\">\n<p class=\"has-small-font-size\">CCT les technologies sans les contraintes <\/p>\n<\/div>\n<\/div>\n<\/div>\n<\/div>\n<\/div><\/div>\n\n\n\n<div class=\"wp-block-group alignfull has-white-color has-black-background-color has-text-color has-background\" style=\"margin-top:0px;margin-bottom:0px;padding-top:7vw;padding-right:var(--wp--preset--spacing--50);padding-bottom:7vw;padding-left:var(--wp--preset--spacing--50)\"><div class=\"wp-block-group__inner-container is-layout-constrained wp-container-core-group-is-layout-07b8a8fa wp-block-group-is-layout-constrained\">\n<div class=\"wp-block-columns alignwide is-layout-flex wp-container-core-columns-is-layout-9d6595d7 wp-block-columns-is-layout-flex\">\n<div class=\"wp-block-column is-layout-flow wp-block-column-is-layout-flow\" style=\"flex-basis:20%\"><\/div>\n\n\n\n<div class=\"wp-block-column is-layout-flow wp-block-column-is-layout-flow\" style=\"flex-basis:80%\">\n<h2 class=\"wp-block-heading has-background-color has-text-color has-x-large-font-size\">Cr\u00e9ons quelque chose de grand ensemble&nbsp;!<\/h2>\n\n\n\n<div class=\"wp-block-buttons is-layout-flex wp-block-buttons-is-layout-flex\">\n<div class=\"wp-block-button\"><a class=\"wp-block-button__link has-black-color has-white-background-color has-text-color has-background wp-element-button\" rel=\"#\">Prendre un rendez-vous<\/a><\/div>\n<\/div>\n<\/div>\n<\/div>\n<\/div><\/div>\n","protected":false},"excerpt":{"rendered":"<p>Les bornes de recharge pour voitures \u00e9lectriques sont un \u00e9l\u00e9ment cl\u00e9 de l&rsquo;infrastructure n\u00e9cessaire \u00e0 la transition \u00e9nerg\u00e9tique vers une mobilit\u00e9 plus durable. Elles se classent en plusieurs cat\u00e9gories, en fonction de leur vitesse de recharge : les bornes lentes, id\u00e9ales pour les recharges nocturnes \u00e0 domicile ou pendant le travail ; les bornes acc\u00e9l\u00e9r\u00e9es, &hellip; <\/p>\n<p class=\"link-more\"><a href=\"https:\/\/cctechnologie.fr\/?page_id=722\" class=\"more-link\">Continuer la lecture<span class=\"screen-reader-text\"> de &laquo;&nbsp;Installation de bornes de recharge pour v\u00e9hicules \u00e9lectriques&nbsp;&raquo;<\/span><\/a><\/p>\n","protected":false},"author":1,"featured_media":0,"parent":0,"menu_order":0,"comment_status":"closed","ping_status":"closed","template":"","meta":{"jetpack_post_was_ever_published":true,"footnotes":""},"class_list":["post-722","page","type-page","status-publish","hentry"],"jetpack_sharing_enabled":true,"jetpack_shortlink":"https:\/\/wp.me\/P8xR7x-bE","_links":{"self":[{"href":"https:\/\/cctechnologie.fr\/index.php?rest_route=\/wp\/v2\/pages\/722","targetHints":{"allow":["GET"]}}],"collection":[{"href":"https:\/\/cctechnologie.fr\/index.php?rest_route=\/wp\/v2\/pages"}],"about":[{"href":"https:\/\/cctechnologie.fr\/index.php?rest_route=\/wp\/v2\/types\/page"}],"author":[{"embeddable":true,"href":"https:\/\/cctechnologie.fr\/index.php?rest_route=\/wp\/v2\/users\/1"}],"replies":[{"embeddable":true,"href":"https:\/\/cctechnologie.fr\/index.php?rest_route=%2Fwp%2Fv2%2Fcomments&post=722"}],"version-history":[{"count":2,"href":"https:\/\/cctechnologie.fr\/index.php?rest_route=\/wp\/v2\/pages\/722\/revisions"}],"predecessor-version":[{"id":731,"href":"https:\/\/cctechnologie.fr\/index.php?rest_route=\/wp\/v2\/pages\/722\/revisions\/731"}],"wp:attachment":[{"href":"https:\/\/cctechnologie.fr\/index.php?rest_route=%2Fwp%2Fv2%2Fmedia&parent=722"}],"curies":[{"name":"wp","href":"https:\/\/api.w.org\/{rel}","templated":true}]}}