{"id":35,"date":"2017-03-01T23:42:12","date_gmt":"2017-03-01T22:42:12","guid":{"rendered":"http:\/\/cctechnologie.fr\/?page_id=35"},"modified":"2018-03-03T09:48:05","modified_gmt":"2018-03-03T08:48:05","slug":"accueil","status":"publish","type":"page","link":"https:\/\/cctechnologie.fr\/","title":{"rendered":"Accueil"},"content":{"rendered":"<p><b>CCT<\/b> est n\u00e9e d&rsquo;un constat de plus en plus r\u00e9current au sein des entreprises : les r\u00e9seaux de transports de l&rsquo;information sont de plus en plus sollicit\u00e9s.<\/p>\n<ul>\n<li>L&rsquo;administration des r\u00e9seaux, l\u2019informatique, la t\u00e9l\u00e9phonie, la vid\u00e9osurveillance, le contr\u00f4le d&rsquo;acc\u00e8s, l&rsquo;appel malades etc., sont autant de syst\u00e8mes fonctionnant sur IP et faisant appel \u00e0 autant de sp\u00e9cialistes en la mati\u00e8re.<\/li>\n<li>C&rsquo;est pourquoi nous avons imagin\u00e9 <b>CCT<\/b>: proposer un interlocuteur unique capable d&rsquo;int\u00e9grer et de faire converger ces syst\u00e8mes pour la p\u00e9rennit\u00e9 des utilisateurs.<\/li>\n<\/ul>\n<hr>\n<h2>\n<blockquote><p><strong>CCT votre partenaire IoT<\/strong><\/p>\n<\/blockquote>\n<\/h2>\n<p><strong>L\u2019IoT (<em>Internet of Things<\/em>) ou Internet des objets regroupe les objets et \u00e9quipements connect\u00e9s (\u00e0 Internet) et les technologies (en grande partie r\u00e9seaux et logicielles) qui s&rsquo;y rapportent, et par extension l\u2019universalit\u00e9 de tout ce qui peut \u00eatre connect\u00e9 via le r\u00e9seau Internet pour recevoir et\/ou \u00e9mettre des donn\u00e9es. L\u2019IoT est consid\u00e9r\u00e9 comme le Web 3.0, soit la g\u00e9n\u00e9ralisation de l\u2019Internet et de ses usages connect\u00e9s.<\/strong><\/p>\n<p>Que signifie IoT \u2013 Internet des Objets ?<\/p>\n<p>L\u2019ouverture de l\u2019Internet et l\u2019accessibilit\u00e9 du r\u00e9seau permettent d\u2019y connecter une multitude d\u2019objets pour une multitude d\u2019usages, permettant \u00e0 l\u2019ensemble de communiquer. L\u2019UIT (Union internationale des t\u00e9l\u00e9communications) ne dit rien d\u2019autre en d\u00e9finissant l&rsquo;Internet des objets comme \u00ab <em>une infrastructure mondiale pour la soci\u00e9t\u00e9 de l&rsquo;information, qui permet de disposer de services \u00e9volu\u00e9s en interconnectant des objets (physiques ou virtuels) gr\u00e2ce aux technologies de l&rsquo;information et de la communication interop\u00e9rables existantes ou en \u00e9volution<\/em> \u00bb.<\/p>\n<p>Tout objet qui peut se connecter \u00e0 un r\u00e9seau ouvert sur Internet est potentiellement un objet connect\u00e9. C\u2019est dans ses usages qu\u2019il trouve son utilit\u00e9, usages d\u00e9finis par les programmes embarqu\u00e9s, les algorithmes, ou par des solutions d\u00e9port\u00e9es sur des serveurs (dans le cloud) qui re\u00e7oivent des informations venant des objets, des capteurs par exemple, les stockent, les analysent, les traitent, et automatisent \u00e9ventuellement des actions qui sont renvoy\u00e9es vers les objets.<\/p>\n<p>Si les usages \u2018grand public\u2019 commencent \u00e0 se faire conna\u00eetre, smartphone, montre ou \u00e9quipement m\u00e9nager connect\u00e9, domotique, e-sant\u00e9, c\u2019est surtout dans sa dimension industrielle que l\u2019IoT offre des potentialit\u00e9s extraordinaires, du plus simple dans les capteurs et la mesure, au plus complexe, la robotique, les commandes num\u00e9riques, le contr\u00f4le \u00e0 distance, etc. On parlera alors d\u2019IIoT (<em>Industrial Internet of Things<\/em>).<\/p>\n","protected":false},"excerpt":{"rendered":"<p>CCT est n\u00e9e d&rsquo;un constat de plus en plus r\u00e9current au sein des entreprises : les r\u00e9seaux de transports de l&rsquo;information sont de plus en plus sollicit\u00e9s. L&rsquo;administration des r\u00e9seaux, l\u2019informatique, la t\u00e9l\u00e9phonie, la vid\u00e9osurveillance, le contr\u00f4le d&rsquo;acc\u00e8s, l&rsquo;appel malades etc., sont autant de syst\u00e8mes fonctionnant sur IP et faisant appel \u00e0 autant de sp\u00e9cialistes &hellip; <\/p>\n<p class=\"link-more\"><a href=\"https:\/\/cctechnologie.fr\/\" class=\"more-link\">Continuer la lecture<span class=\"screen-reader-text\"> de &laquo;&nbsp;Accueil&nbsp;&raquo;<\/span><\/a><\/p>\n","protected":false},"author":1,"featured_media":127,"parent":0,"menu_order":0,"comment_status":"closed","ping_status":"closed","template":"","meta":{"jetpack_post_was_ever_published":false,"footnotes":""},"class_list":["post-35","page","type-page","status-publish","has-post-thumbnail","hentry"],"jetpack_sharing_enabled":true,"jetpack_shortlink":"https:\/\/wp.me\/P8xR7x-z","_links":{"self":[{"href":"https:\/\/cctechnologie.fr\/index.php?rest_route=\/wp\/v2\/pages\/35","targetHints":{"allow":["GET"]}}],"collection":[{"href":"https:\/\/cctechnologie.fr\/index.php?rest_route=\/wp\/v2\/pages"}],"about":[{"href":"https:\/\/cctechnologie.fr\/index.php?rest_route=\/wp\/v2\/types\/page"}],"author":[{"embeddable":true,"href":"https:\/\/cctechnologie.fr\/index.php?rest_route=\/wp\/v2\/users\/1"}],"replies":[{"embeddable":true,"href":"https:\/\/cctechnologie.fr\/index.php?rest_route=%2Fwp%2Fv2%2Fcomments&post=35"}],"version-history":[{"count":3,"href":"https:\/\/cctechnologie.fr\/index.php?rest_route=\/wp\/v2\/pages\/35\/revisions"}],"predecessor-version":[{"id":348,"href":"https:\/\/cctechnologie.fr\/index.php?rest_route=\/wp\/v2\/pages\/35\/revisions\/348"}],"wp:featuredmedia":[{"embeddable":true,"href":"https:\/\/cctechnologie.fr\/index.php?rest_route=\/wp\/v2\/media\/127"}],"wp:attachment":[{"href":"https:\/\/cctechnologie.fr\/index.php?rest_route=%2Fwp%2Fv2%2Fmedia&parent=35"}],"curies":[{"name":"wp","href":"https:\/\/api.w.org\/{rel}","templated":true}]}}