{"id":244,"date":"2017-03-25T22:44:59","date_gmt":"2017-03-25T21:44:59","guid":{"rendered":"http:\/\/cctechnologie.fr\/?page_id=244"},"modified":"2018-03-09T10:10:06","modified_gmt":"2018-03-09T09:10:06","slug":"cct-studio-creation-de-messages-telephonique","status":"publish","type":"page","link":"https:\/\/cctechnologie.fr\/?page_id=244","title":{"rendered":"CCT Studio &#8211; Cr\u00e9ation de messages t\u00e9l\u00e9phonique"},"content":{"rendered":"<p><a href=\"http:\/\/www.cctechnologie-studio.com\" target=\"_blank\" rel=\"noopener\"><img loading=\"lazy\" decoding=\"async\" class=\"alignnone size-full wp-image-243\" src=\"http:\/\/cctechnologie.fr\/wp-content\/uploads\/2017\/03\/img_0237.jpg\" alt=\"\" width=\"2048\" height=\"663\" srcset=\"https:\/\/cctechnologie.fr\/wp-content\/uploads\/2017\/03\/img_0237.jpg 2048w, https:\/\/cctechnologie.fr\/wp-content\/uploads\/2017\/03\/img_0237-300x97.jpg 300w, https:\/\/cctechnologie.fr\/wp-content\/uploads\/2017\/03\/img_0237-768x249.jpg 768w, https:\/\/cctechnologie.fr\/wp-content\/uploads\/2017\/03\/img_0237-1024x332.jpg 1024w\" sizes=\"auto, (max-width: 767px) 89vw, (max-width: 1000px) 54vw, (max-width: 1071px) 543px, 580px\" \/><\/a>Bien accueillir, faire patienter dans de bonnes conditions, informer de votre disponibilit\u00e9, autant d&rsquo;\u00e9l\u00e9ments qui sont une pierre de l&rsquo;\u00e9difice \u00abImage de Marque\u00bb.<br \/>\nPour rester \u00e0 l&rsquo;\u00e9coute de vos clients, votre accueil t\u00e9l\u00e9phonique dispose de 3 atouts majeurs : votre pr\u00e9 d\u00e9croch\u00e9, votre attente musicale et votre r\u00e9pondeur.<br \/>\nPrenez bien soin des informations \u00e0 diffuser&#8230; elles vont \u00eatre entendues plusieurs milliers de fois par an.<\/p>\n<p>Visitez notre studio :\u00a0<a href=\"http:\/\/www.cctechnologie-studio.com\">http:\/\/www.cctechnologie-studio.com<\/a><\/p>\n","protected":false},"excerpt":{"rendered":"<p>Bien accueillir, faire patienter dans de bonnes conditions, informer de votre disponibilit\u00e9, autant d&rsquo;\u00e9l\u00e9ments qui sont une pierre de l&rsquo;\u00e9difice \u00abImage de Marque\u00bb. Pour rester \u00e0 l&rsquo;\u00e9coute de vos clients, votre accueil t\u00e9l\u00e9phonique dispose de 3 atouts majeurs : votre pr\u00e9 d\u00e9croch\u00e9, votre attente musicale et votre r\u00e9pondeur. Prenez bien soin des informations \u00e0 diffuser&#8230; &hellip; <\/p>\n<p class=\"link-more\"><a href=\"https:\/\/cctechnologie.fr\/?page_id=244\" class=\"more-link\">Continuer la lecture<span class=\"screen-reader-text\"> de &laquo;&nbsp;CCT Studio &#8211; Cr\u00e9ation de messages t\u00e9l\u00e9phonique&nbsp;&raquo;<\/span><\/a><\/p>\n","protected":false},"author":2,"featured_media":0,"parent":119,"menu_order":0,"comment_status":"closed","ping_status":"closed","template":"","meta":{"jetpack_post_was_ever_published":false,"footnotes":""},"class_list":["post-244","page","type-page","status-publish","hentry"],"jetpack_sharing_enabled":true,"jetpack_shortlink":"https:\/\/wp.me\/P8xR7x-3W","_links":{"self":[{"href":"https:\/\/cctechnologie.fr\/index.php?rest_route=\/wp\/v2\/pages\/244","targetHints":{"allow":["GET"]}}],"collection":[{"href":"https:\/\/cctechnologie.fr\/index.php?rest_route=\/wp\/v2\/pages"}],"about":[{"href":"https:\/\/cctechnologie.fr\/index.php?rest_route=\/wp\/v2\/types\/page"}],"author":[{"embeddable":true,"href":"https:\/\/cctechnologie.fr\/index.php?rest_route=\/wp\/v2\/users\/2"}],"replies":[{"embeddable":true,"href":"https:\/\/cctechnologie.fr\/index.php?rest_route=%2Fwp%2Fv2%2Fcomments&post=244"}],"version-history":[{"count":4,"href":"https:\/\/cctechnologie.fr\/index.php?rest_route=\/wp\/v2\/pages\/244\/revisions"}],"predecessor-version":[{"id":362,"href":"https:\/\/cctechnologie.fr\/index.php?rest_route=\/wp\/v2\/pages\/244\/revisions\/362"}],"up":[{"embeddable":true,"href":"https:\/\/cctechnologie.fr\/index.php?rest_route=\/wp\/v2\/pages\/119"}],"wp:attachment":[{"href":"https:\/\/cctechnologie.fr\/index.php?rest_route=%2Fwp%2Fv2%2Fmedia&parent=244"}],"curies":[{"name":"wp","href":"https:\/\/api.w.org\/{rel}","templated":true}]}}