{"id":202,"date":"2017-03-12T21:57:52","date_gmt":"2017-03-12T20:57:52","guid":{"rendered":"http:\/\/cctechnologie.fr\/?page_id=202"},"modified":"2017-03-12T22:08:39","modified_gmt":"2017-03-12T21:08:39","slug":"alarme-de-chantier-alertchantier","status":"publish","type":"page","link":"https:\/\/cctechnologie.fr\/?page_id=202","title":{"rendered":"Alarme de Chantier : ALERT&rsquo;CHANTIER"},"content":{"rendered":"<p>Le vol sur les chantiers est une menace multiple et permanente pour l&rsquo;\u00e9conomie des entreprises et la s\u00e9curit\u00e9 des chantiers. Le vol p\u00e9nalise l&rsquo;ensemble du secteur du b\u00e2timent et des travaux publics. Les vols d&rsquo;outillage, d&rsquo;engins de chantier et de m\u00e9taux repr\u00e9sentent chaque ann\u00e9e un co\u00fbt consid\u00e9rable. Une \u00e9tude men\u00e9e par la F\u00e9d\u00e9ration Fran\u00e7aise du B\u00e2timent (FFB) le chiffre \u00e0 plus d&rsquo;1 milliard d&rsquo;euros. Face \u00e0 la recrudescence des vols sur les chantiers et aux pertes \u00e9conomiques engendr\u00e9es, <strong>CCT<\/strong> propose\u00a0 <strong>ALERT\u2019CHANTIER<\/strong> un syst\u00e8me d\u2019alarme sp\u00e9cialement d\u00e9velopp\u00e9 pour s\u00e9curiser les chantiers<\/p>\n<p><img loading=\"lazy\" decoding=\"async\" class=\"alignnone size-medium wp-image-209\" src=\"http:\/\/cctechnologie.fr\/wp-content\/uploads\/2017\/03\/CCT-Alart-Chantier-v4-final_Page_2-212x300.jpg\" alt=\"\" width=\"212\" height=\"300\" srcset=\"https:\/\/cctechnologie.fr\/wp-content\/uploads\/2017\/03\/CCT-Alart-Chantier-v4-final_Page_2-212x300.jpg 212w, https:\/\/cctechnologie.fr\/wp-content\/uploads\/2017\/03\/CCT-Alart-Chantier-v4-final_Page_2.jpg 725w\" sizes=\"auto, (max-width: 212px) 100vw, 212px\" \/><\/p>\n","protected":false},"excerpt":{"rendered":"<p>Le vol sur les chantiers est une menace multiple et permanente pour l&rsquo;\u00e9conomie des entreprises et la s\u00e9curit\u00e9 des chantiers. Le vol p\u00e9nalise l&rsquo;ensemble du secteur du b\u00e2timent et des travaux publics. Les vols d&rsquo;outillage, d&rsquo;engins de chantier et de m\u00e9taux repr\u00e9sentent chaque ann\u00e9e un co\u00fbt consid\u00e9rable. Une \u00e9tude men\u00e9e par la F\u00e9d\u00e9ration Fran\u00e7aise du &hellip; <\/p>\n<p class=\"link-more\"><a href=\"https:\/\/cctechnologie.fr\/?page_id=202\" class=\"more-link\">Continuer la lecture<span class=\"screen-reader-text\"> de &laquo;&nbsp;Alarme de Chantier : ALERT&rsquo;CHANTIER&nbsp;&raquo;<\/span><\/a><\/p>\n","protected":false},"author":2,"featured_media":207,"parent":120,"menu_order":0,"comment_status":"closed","ping_status":"closed","template":"","meta":{"jetpack_post_was_ever_published":false,"footnotes":""},"class_list":["post-202","page","type-page","status-publish","has-post-thumbnail","hentry"],"jetpack_sharing_enabled":true,"jetpack_shortlink":"https:\/\/wp.me\/P8xR7x-3g","_links":{"self":[{"href":"https:\/\/cctechnologie.fr\/index.php?rest_route=\/wp\/v2\/pages\/202","targetHints":{"allow":["GET"]}}],"collection":[{"href":"https:\/\/cctechnologie.fr\/index.php?rest_route=\/wp\/v2\/pages"}],"about":[{"href":"https:\/\/cctechnologie.fr\/index.php?rest_route=\/wp\/v2\/types\/page"}],"author":[{"embeddable":true,"href":"https:\/\/cctechnologie.fr\/index.php?rest_route=\/wp\/v2\/users\/2"}],"replies":[{"embeddable":true,"href":"https:\/\/cctechnologie.fr\/index.php?rest_route=%2Fwp%2Fv2%2Fcomments&post=202"}],"version-history":[{"count":3,"href":"https:\/\/cctechnologie.fr\/index.php?rest_route=\/wp\/v2\/pages\/202\/revisions"}],"predecessor-version":[{"id":210,"href":"https:\/\/cctechnologie.fr\/index.php?rest_route=\/wp\/v2\/pages\/202\/revisions\/210"}],"up":[{"embeddable":true,"href":"https:\/\/cctechnologie.fr\/index.php?rest_route=\/wp\/v2\/pages\/120"}],"wp:featuredmedia":[{"embeddable":true,"href":"https:\/\/cctechnologie.fr\/index.php?rest_route=\/wp\/v2\/media\/207"}],"wp:attachment":[{"href":"https:\/\/cctechnologie.fr\/index.php?rest_route=%2Fwp%2Fv2%2Fmedia&parent=202"}],"curies":[{"name":"wp","href":"https:\/\/api.w.org\/{rel}","templated":true}]}}