{"id":122,"date":"2017-03-02T00:27:59","date_gmt":"2017-03-01T23:27:59","guid":{"rendered":"http:\/\/cctechnologie.fr\/?page_id=122"},"modified":"2017-03-12T21:55:42","modified_gmt":"2017-03-12T20:55:42","slug":"services-associes","status":"publish","type":"page","link":"https:\/\/cctechnologie.fr\/?page_id=122","title":{"rendered":"Services Associ\u00e9s"},"content":{"rendered":"<h1>Service installation, maintenance et d\u00e9pannage<\/h1>\n<p>Notre objectif : 100% de clients satisfaits.<\/p>\n<p>Nous intervenons sur toutes marques de mat\u00e9riel commercialis\u00e9 ou non par CCT.<\/p>\n<p>Nos agents techniques qualifi\u00e9s et certifi\u00e9s dans les diff\u00e9rents domaines d&rsquo;activit\u00e9 de CCT ( r\u00e9seaux, t\u00e9l\u00e9phonie, IP communication, voix, s\u00e9curit\u00e9 (alarme intrusion, vid\u00e9osurveillance, alarme incendie, contr\u00f4le d&rsquo;acc\u00e8s etc) ont pour mission de :<\/p>\n<ul class=\"list0\">\n<li>diagnostiquer les incidents qui leur sont pr\u00e9sent\u00e9s en utilisant les moyens de t\u00e9l\u00e9connexion<\/li>\n<li>t\u00e9l\u00e9-r\u00e9soudre ces incidents, quand cela est possible<\/li>\n<li>d\u00e9clencher les fonctions logistiques ( \u00e9change-standard de la pi\u00e8ce ou de l&rsquo;\u00e9quipement d\u00e9fectueux )<\/li>\n<li>organiser une intervention sur votre site dans le respect des engagements convenus<\/li>\n<\/ul>\n<p><em>Nous sommes \u00e0 votre disposition pour la prise en charge de vos demandes de services du :<\/em><\/p>\n<p>lundi au vendredi de 8h \u00e0 19h par t\u00e9l\u00e9phone au 03.24.54.00.30<\/p>\n<p><em>Si vous le souhaitez, nous pouvons couvrir vos demandes en 24\/24 et 7\/7 ( option ).<\/em><\/p>\n<p><em>\u00a0<\/em><\/p>\n<h3><em>Nos engagements contractuels optionnels:<\/em><\/h3>\n<p>&nbsp;<\/p>\n<ul class=\"list0\">\n<li>Assistance utilisateurs hot line<\/li>\n<li>Intervention sous 2 heures en cas de panne majeure<\/li>\n<li>Intervention sous 4 heures en cas de panne grave<\/li>\n<li>Intervention sous 12 heures en cas de panne mineure<\/li>\n<li>Pi\u00e8ces et main d&rsquo;\u0153uvre inclus<\/li>\n<li>Visites d&rsquo;entretien annuelles<\/li>\n<\/ul>\n","protected":false},"excerpt":{"rendered":"<p>Service installation, maintenance et d\u00e9pannage Notre objectif : 100% de clients satisfaits. Nous intervenons sur toutes marques de mat\u00e9riel commercialis\u00e9 ou non par CCT. Nos agents techniques qualifi\u00e9s et certifi\u00e9s dans les diff\u00e9rents domaines d&rsquo;activit\u00e9 de CCT ( r\u00e9seaux, t\u00e9l\u00e9phonie, IP communication, voix, s\u00e9curit\u00e9 (alarme intrusion, vid\u00e9osurveillance, alarme incendie, contr\u00f4le d&rsquo;acc\u00e8s etc) ont pour mission &hellip; <\/p>\n<p class=\"link-more\"><a href=\"https:\/\/cctechnologie.fr\/?page_id=122\" class=\"more-link\">Continuer la lecture<span class=\"screen-reader-text\"> de &laquo;&nbsp;Services Associ\u00e9s&nbsp;&raquo;<\/span><\/a><\/p>\n","protected":false},"author":1,"featured_media":0,"parent":0,"menu_order":0,"comment_status":"closed","ping_status":"closed","template":"","meta":{"footnotes":""},"class_list":["post-122","page","type-page","status-publish","hentry"],"jetpack_sharing_enabled":true,"jetpack_shortlink":"https:\/\/wp.me\/P8xR7x-1Y","_links":{"self":[{"href":"https:\/\/cctechnologie.fr\/index.php?rest_route=\/wp\/v2\/pages\/122","targetHints":{"allow":["GET"]}}],"collection":[{"href":"https:\/\/cctechnologie.fr\/index.php?rest_route=\/wp\/v2\/pages"}],"about":[{"href":"https:\/\/cctechnologie.fr\/index.php?rest_route=\/wp\/v2\/types\/page"}],"author":[{"embeddable":true,"href":"https:\/\/cctechnologie.fr\/index.php?rest_route=\/wp\/v2\/users\/1"}],"replies":[{"embeddable":true,"href":"https:\/\/cctechnologie.fr\/index.php?rest_route=%2Fwp%2Fv2%2Fcomments&post=122"}],"version-history":[{"count":4,"href":"https:\/\/cctechnologie.fr\/index.php?rest_route=\/wp\/v2\/pages\/122\/revisions"}],"predecessor-version":[{"id":200,"href":"https:\/\/cctechnologie.fr\/index.php?rest_route=\/wp\/v2\/pages\/122\/revisions\/200"}],"wp:attachment":[{"href":"https:\/\/cctechnologie.fr\/index.php?rest_route=%2Fwp%2Fv2%2Fmedia&parent=122"}],"curies":[{"name":"wp","href":"https:\/\/api.w.org\/{rel}","templated":true}]}}