{"id":120,"date":"2017-03-02T00:27:58","date_gmt":"2017-03-01T23:27:58","guid":{"rendered":"http:\/\/cctechnologie.fr\/?page_id=120"},"modified":"2017-03-12T22:29:49","modified_gmt":"2017-03-12T21:29:49","slug":"securite-des-biens-et-des-personnes","status":"publish","type":"page","link":"https:\/\/cctechnologie.fr\/?page_id=120","title":{"rendered":"S\u00e9curit\u00e9 des Biens et des Personnes"},"content":{"rendered":"<p>Les\u00a0<strong>solutions de protections et de contr\u00f4les<\/strong>\u00a0ont consid\u00e9rablement \u00e9volu\u00e9s ces derni\u00e8res ann\u00e9es afin de pouvoir prot\u00e9ger plus efficacement vos locaux et votre personnel.<br \/>\nCes nouvelles solutions s\u2019appuient sur votre\u00a0<strong>r\u00e9seau informatique IP<\/strong>\u00a0vous permettant d\u2019acc\u00e9der et d\u2019\u00eatre inform\u00e9 instantan\u00e9ment via votre PC, tablette ou votre smartphone (Iphone, Android, etc)<\/p>\n","protected":false},"excerpt":{"rendered":"<p>Les\u00a0solutions de protections et de contr\u00f4les\u00a0ont consid\u00e9rablement \u00e9volu\u00e9s ces derni\u00e8res ann\u00e9es afin de pouvoir prot\u00e9ger plus efficacement vos locaux et votre personnel. Ces nouvelles solutions s\u2019appuient sur votre\u00a0r\u00e9seau informatique IP\u00a0vous permettant d\u2019acc\u00e9der et d\u2019\u00eatre inform\u00e9 instantan\u00e9ment via votre PC, tablette ou votre smartphone (Iphone, Android, etc)<\/p>\n","protected":false},"author":1,"featured_media":212,"parent":0,"menu_order":0,"comment_status":"closed","ping_status":"closed","template":"","meta":{"jetpack_post_was_ever_published":false,"footnotes":""},"class_list":["post-120","page","type-page","status-publish","has-post-thumbnail","hentry"],"jetpack_sharing_enabled":true,"jetpack_shortlink":"https:\/\/wp.me\/P8xR7x-1W","_links":{"self":[{"href":"https:\/\/cctechnologie.fr\/index.php?rest_route=\/wp\/v2\/pages\/120","targetHints":{"allow":["GET"]}}],"collection":[{"href":"https:\/\/cctechnologie.fr\/index.php?rest_route=\/wp\/v2\/pages"}],"about":[{"href":"https:\/\/cctechnologie.fr\/index.php?rest_route=\/wp\/v2\/types\/page"}],"author":[{"embeddable":true,"href":"https:\/\/cctechnologie.fr\/index.php?rest_route=\/wp\/v2\/users\/1"}],"replies":[{"embeddable":true,"href":"https:\/\/cctechnologie.fr\/index.php?rest_route=%2Fwp%2Fv2%2Fcomments&post=120"}],"version-history":[{"count":2,"href":"https:\/\/cctechnologie.fr\/index.php?rest_route=\/wp\/v2\/pages\/120\/revisions"}],"predecessor-version":[{"id":201,"href":"https:\/\/cctechnologie.fr\/index.php?rest_route=\/wp\/v2\/pages\/120\/revisions\/201"}],"wp:featuredmedia":[{"embeddable":true,"href":"https:\/\/cctechnologie.fr\/index.php?rest_route=\/wp\/v2\/media\/212"}],"wp:attachment":[{"href":"https:\/\/cctechnologie.fr\/index.php?rest_route=%2Fwp%2Fv2%2Fmedia&parent=120"}],"curies":[{"name":"wp","href":"https:\/\/api.w.org\/{rel}","templated":true}]}}