{"id":119,"date":"2017-03-02T00:27:58","date_gmt":"2017-03-01T23:27:58","guid":{"rendered":"http:\/\/cctechnologie.fr\/?page_id=119"},"modified":"2017-03-24T21:05:15","modified_gmt":"2017-03-24T20:05:15","slug":"telephonie-dentreprise","status":"publish","type":"page","link":"https:\/\/cctechnologie.fr\/?page_id=119","title":{"rendered":"T\u00e9l\u00e9phonie d\u2019Entreprise"},"content":{"rendered":"<p><strong>Parce que chaque appel compte,<\/strong><br \/>\nNous vous proposons des solutions de t\u00e9l\u00e9phonie d&rsquo;entreprise avanc\u00e9es garantissant une mise en place facile des solutions unifi\u00e9es. Ces plates-formes am\u00e9liorent la communication en s&rsquo;appuyant sur des outils modernes de gestion \u00a0de pr\u00e9sence, de messagerie, de couplage avec PC, ou encore de mobilit\u00e9 inter et intra site.<\/p>\n<h1>T\u00c9L\u00c9PHONIE \u2013 LE FUTUR EST D\u00c9J\u00c0 L\u00c0<\/h1>\n<p>Quelque soit la technologie retenue\u00a0classique ou IP, la solution\u00a0propos\u00e9e r\u00e9pondra aux besoins\u00a0actuels, mais aussi \u00e0 venir, en\u00a0mati\u00e8re de communication d\u2019entreprise.<\/p>\n<h1>T\u00c9L\u00c9PHONIE \u2013 UN PARTENARIAT AVEC<\/h1>\n<p><img loading=\"lazy\" decoding=\"async\" class=\"alignnone size-medium wp-image-180\" src=\"http:\/\/cctechnologie.fr\/wp-content\/uploads\/2017\/03\/yeastar-logo-300x90.png\" alt=\"\" width=\"300\" height=\"90\" srcset=\"https:\/\/cctechnologie.fr\/wp-content\/uploads\/2017\/03\/yeastar-logo-300x90.png 300w, https:\/\/cctechnologie.fr\/wp-content\/uploads\/2017\/03\/yeastar-logo.png 581w\" sizes=\"auto, (max-width: 300px) 100vw, 300px\" \/><\/p>\n<h1>et<\/h1>\n<p><img loading=\"lazy\" decoding=\"async\" class=\"alignnone size-medium wp-image-179\" src=\"http:\/\/cctechnologie.fr\/wp-content\/uploads\/2017\/03\/Panasonic-logo-blue-old-slogan-300x220.png\" alt=\"\" width=\"300\" height=\"220\" srcset=\"https:\/\/cctechnologie.fr\/wp-content\/uploads\/2017\/03\/Panasonic-logo-blue-old-slogan-300x220.png 300w, https:\/\/cctechnologie.fr\/wp-content\/uploads\/2017\/03\/Panasonic-logo-blue-old-slogan-768x563.png 768w, https:\/\/cctechnologie.fr\/wp-content\/uploads\/2017\/03\/Panasonic-logo-blue-old-slogan-1024x751.png 1024w, https:\/\/cctechnologie.fr\/wp-content\/uploads\/2017\/03\/Panasonic-logo-blue-old-slogan.png 1200w\" sizes=\"auto, (max-width: 300px) 100vw, 300px\" \/><\/p>\n<p>Depuis la cr\u00e9ation de CCT, nous sommes revendeurs certifi\u00e9s des solutions de t\u00e9l\u00e9phonie d&rsquo;entreprise Panasonic.<\/p>\n","protected":false},"excerpt":{"rendered":"<p>Parce que chaque appel compte, Nous vous proposons des solutions de t\u00e9l\u00e9phonie d&rsquo;entreprise avanc\u00e9es garantissant une mise en place facile des solutions unifi\u00e9es. Ces plates-formes am\u00e9liorent la communication en s&rsquo;appuyant sur des outils modernes de gestion \u00a0de pr\u00e9sence, de messagerie, de couplage avec PC, ou encore de mobilit\u00e9 inter et intra site. T\u00c9L\u00c9PHONIE \u2013 LE &hellip; <\/p>\n<p class=\"link-more\"><a href=\"https:\/\/cctechnologie.fr\/?page_id=119\" class=\"more-link\">Continuer la lecture<span class=\"screen-reader-text\"> de &laquo;&nbsp;T\u00e9l\u00e9phonie d\u2019Entreprise&nbsp;&raquo;<\/span><\/a><\/p>\n","protected":false},"author":1,"featured_media":241,"parent":0,"menu_order":0,"comment_status":"closed","ping_status":"closed","template":"","meta":{"jetpack_post_was_ever_published":false,"footnotes":""},"class_list":["post-119","page","type-page","status-publish","has-post-thumbnail","hentry"],"jetpack_sharing_enabled":true,"jetpack_shortlink":"https:\/\/wp.me\/P8xR7x-1V","_links":{"self":[{"href":"https:\/\/cctechnologie.fr\/index.php?rest_route=\/wp\/v2\/pages\/119","targetHints":{"allow":["GET"]}}],"collection":[{"href":"https:\/\/cctechnologie.fr\/index.php?rest_route=\/wp\/v2\/pages"}],"about":[{"href":"https:\/\/cctechnologie.fr\/index.php?rest_route=\/wp\/v2\/types\/page"}],"author":[{"embeddable":true,"href":"https:\/\/cctechnologie.fr\/index.php?rest_route=\/wp\/v2\/users\/1"}],"replies":[{"embeddable":true,"href":"https:\/\/cctechnologie.fr\/index.php?rest_route=%2Fwp%2Fv2%2Fcomments&post=119"}],"version-history":[{"count":5,"href":"https:\/\/cctechnologie.fr\/index.php?rest_route=\/wp\/v2\/pages\/119\/revisions"}],"predecessor-version":[{"id":181,"href":"https:\/\/cctechnologie.fr\/index.php?rest_route=\/wp\/v2\/pages\/119\/revisions\/181"}],"wp:featuredmedia":[{"embeddable":true,"href":"https:\/\/cctechnologie.fr\/index.php?rest_route=\/wp\/v2\/media\/241"}],"wp:attachment":[{"href":"https:\/\/cctechnologie.fr\/index.php?rest_route=%2Fwp%2Fv2%2Fmedia&parent=119"}],"curies":[{"name":"wp","href":"https:\/\/api.w.org\/{rel}","templated":true}]}}