{"id":115,"date":"2017-03-02T00:25:45","date_gmt":"2017-03-01T23:25:45","guid":{"rendered":"http:\/\/cctechnologie.fr\/?page_id=115"},"modified":"2017-03-24T20:36:12","modified_gmt":"2017-03-24T19:36:12","slug":"coeur-de-reseaux","status":"publish","type":"page","link":"https:\/\/cctechnologie.fr\/?page_id=115","title":{"rendered":"C\u0153ur de R\u00e9seaux"},"content":{"rendered":"<p>Il constitue le centre n\u00e9vralgique d&rsquo;un r\u00e9seau \u00e0 haut d\u00e9bit.<\/p>\n<p>Litt\u00e9ralement \u00e9pine dorsale, il d\u00e9signe la partie qui supporte le gros du trafic informatique, en utilisant les technologies les plus rapides tout en garantissant s\u00e9curit\u00e9 et d\u00e9bit. Les solutions dites \u00ab\u00a0IP\u00a0\u00bb se rattachent \u00e0 ce r\u00e9seau f\u00e9d\u00e9rateur, comme les rivi\u00e8res viennent grossir le cours d&rsquo;un fleuve.<\/p>\n<p><strong>CCT<\/strong>\u00a0met son savoir faire \u00e0 votre service pour dimensionner au mieux le r\u00e9seau qui correspond \u00e0 vos besoins\u00a0: baie informatique, switch ou hub, manageable ou pas, r\u00e9seau traditionnel ou gigabit, c\u00e2ble cat 6 ou fibre optique, nous saurons vous accompagner pour que l\u2019ensemble de vos solutions convergentes sur IP puisse fonctionner de mani\u00e8re optimale.<\/p>\n","protected":false},"excerpt":{"rendered":"<p>Il constitue le centre n\u00e9vralgique d&rsquo;un r\u00e9seau \u00e0 haut d\u00e9bit. Litt\u00e9ralement \u00e9pine dorsale, il d\u00e9signe la partie qui supporte le gros du trafic informatique, en utilisant les technologies les plus rapides tout en garantissant s\u00e9curit\u00e9 et d\u00e9bit. Les solutions dites \u00ab\u00a0IP\u00a0\u00bb se rattachent \u00e0 ce r\u00e9seau f\u00e9d\u00e9rateur, comme les rivi\u00e8res viennent grossir le cours d&rsquo;un &hellip; <\/p>\n<p class=\"link-more\"><a href=\"https:\/\/cctechnologie.fr\/?page_id=115\" class=\"more-link\">Continuer la lecture<span class=\"screen-reader-text\"> de &laquo;&nbsp;C\u0153ur de R\u00e9seaux&nbsp;&raquo;<\/span><\/a><\/p>\n","protected":false},"author":1,"featured_media":237,"parent":0,"menu_order":0,"comment_status":"closed","ping_status":"closed","template":"","meta":{"footnotes":""},"class_list":["post-115","page","type-page","status-publish","has-post-thumbnail","hentry"],"jetpack_sharing_enabled":true,"jetpack_shortlink":"https:\/\/wp.me\/P8xR7x-1R","_links":{"self":[{"href":"https:\/\/cctechnologie.fr\/index.php?rest_route=\/wp\/v2\/pages\/115","targetHints":{"allow":["GET"]}}],"collection":[{"href":"https:\/\/cctechnologie.fr\/index.php?rest_route=\/wp\/v2\/pages"}],"about":[{"href":"https:\/\/cctechnologie.fr\/index.php?rest_route=\/wp\/v2\/types\/page"}],"author":[{"embeddable":true,"href":"https:\/\/cctechnologie.fr\/index.php?rest_route=\/wp\/v2\/users\/1"}],"replies":[{"embeddable":true,"href":"https:\/\/cctechnologie.fr\/index.php?rest_route=%2Fwp%2Fv2%2Fcomments&post=115"}],"version-history":[{"count":2,"href":"https:\/\/cctechnologie.fr\/index.php?rest_route=\/wp\/v2\/pages\/115\/revisions"}],"predecessor-version":[{"id":175,"href":"https:\/\/cctechnologie.fr\/index.php?rest_route=\/wp\/v2\/pages\/115\/revisions\/175"}],"wp:featuredmedia":[{"embeddable":true,"href":"https:\/\/cctechnologie.fr\/index.php?rest_route=\/wp\/v2\/media\/237"}],"wp:attachment":[{"href":"https:\/\/cctechnologie.fr\/index.php?rest_route=%2Fwp%2Fv2%2Fmedia&parent=115"}],"curies":[{"name":"wp","href":"https:\/\/api.w.org\/{rel}","templated":true}]}}